{"id":1370,"date":"2023-03-12T14:58:24","date_gmt":"2023-03-12T14:58:24","guid":{"rendered":"http:\/\/dobre-vibre-2.local\/?page_id=1370"},"modified":"2023-03-12T15:36:49","modified_gmt":"2023-03-12T15:36:49","slug":"payment-method","status":"publish","type":"page","link":"https:\/\/www.dobrevibre.net\/en\/payment-method\/","title":{"rendered":"Payment methods"},"content":{"rendered":"\t\t<div data-elementor-type=\"wp-page\" data-elementor-id=\"1370\" class=\"elementor elementor-1370\">\n\t\t\t\t\t\t\t\t\t<section class=\"elementor-section elementor-top-section elementor-element elementor-element-c674ea1 elementor-section-full_width elementor-section-height-min-height elementor-section-height-default elementor-section-items-middle\" data-id=\"c674ea1\" data-element_type=\"section\" data-settings=\"{&quot;background_background&quot;:&quot;classic&quot;}\">\n\t\t\t\t\t\t<div class=\"elementor-container elementor-column-gap-default\">\n\t\t\t\t\t<div class=\"elementor-column elementor-col-100 elementor-top-column elementor-element elementor-element-42dca29\" data-id=\"42dca29\" data-element_type=\"column\">\n\t\t\t<div class=\"elementor-widget-wrap\">\n\t\t\t\t\t\t\t\t\t<\/div>\n\t\t<\/div>\n\t\t\t\t\t\t\t<\/div>\n\t\t<\/section>\n\t\t\t\t<section class=\"elementor-section elementor-top-section elementor-element elementor-element-6c1f094 elementor-section-boxed elementor-section-height-default elementor-section-height-default\" data-id=\"6c1f094\" data-element_type=\"section\" data-settings=\"{&quot;background_background&quot;:&quot;classic&quot;}\">\n\t\t\t\t\t\t<div class=\"elementor-container elementor-column-gap-extended\">\n\t\t\t\t\t<div class=\"elementor-column elementor-col-100 elementor-top-column elementor-element elementor-element-fa7ba81\" data-id=\"fa7ba81\" data-element_type=\"column\">\n\t\t\t<div class=\"elementor-widget-wrap elementor-element-populated\">\n\t\t\t\t\t\t\t\t<div class=\"elementor-element elementor-element-58b2cf0 elementor-widget elementor-widget-heading\" data-id=\"58b2cf0\" data-element_type=\"widget\" data-widget_type=\"heading.default\">\n\t\t\t\t<div class=\"elementor-widget-container\">\n\t\t\t<style>\/*! elementor - v3.11.3 - 07-03-2023 *\/\n.elementor-heading-title{padding:0;margin:0;line-height:1}.elementor-widget-heading .elementor-heading-title[class*=elementor-size-]>a{color:inherit;font-size:inherit;line-height:inherit}.elementor-widget-heading .elementor-heading-title.elementor-size-small{font-size:15px}.elementor-widget-heading .elementor-heading-title.elementor-size-medium{font-size:19px}.elementor-widget-heading .elementor-heading-title.elementor-size-large{font-size:29px}.elementor-widget-heading .elementor-heading-title.elementor-size-xl{font-size:39px}.elementor-widget-heading .elementor-heading-title.elementor-size-xxl{font-size:59px}<\/style><h2 class=\"elementor-heading-title elementor-size-default\">Payment methods<\/h2>\t\t<\/div>\n\t\t\t\t<\/div>\n\t\t\t\t<div class=\"elementor-element elementor-element-d2c2b6c elementor-widget elementor-widget-text-editor\" data-id=\"d2c2b6c\" data-element_type=\"widget\" data-widget_type=\"text-editor.default\">\n\t\t\t\t<div class=\"elementor-widget-container\">\n\t\t\t<style>\/*! elementor - v3.11.3 - 07-03-2023 *\/\n.elementor-widget-text-editor.elementor-drop-cap-view-stacked .elementor-drop-cap{background-color:#818a91;color:#fff}.elementor-widget-text-editor.elementor-drop-cap-view-framed .elementor-drop-cap{color:#818a91;border:3px solid;background-color:transparent}.elementor-widget-text-editor:not(.elementor-drop-cap-view-default) .elementor-drop-cap{margin-top:8px}.elementor-widget-text-editor:not(.elementor-drop-cap-view-default) .elementor-drop-cap-letter{width:1em;height:1em}.elementor-widget-text-editor .elementor-drop-cap{float:left;text-align:center;line-height:1;font-size:50px}.elementor-widget-text-editor .elementor-drop-cap-letter{display:inline-block}<\/style>\t\t\t\t<p>Pla\u0107anje se mo\u017ee izvr\u0161iti na sljede\u0107e na\u010dine:<\/p><p>\u00a0<\/p><p>a) Pla\u0107anje op\u0107om uplatnicom \u2013 mo\u017ee se izvr\u0161iti putem op\u0107e uplatnice u svim poslovnicama banaka, FINA-e ili uredima Hrvatske po\u0161te. Nakon odabira proizvoda Svijet pozitivnih vibracija, obrt za usluge proslje\u0111uje e-mailom podatke potrebne za pla\u0107anje op\u0107om uplatnicom. Sve podatke je potrebno to\u010dno upisati u op\u0107u uplatnicu i izvr\u0161iti uplatu u roku od 7 dana.<\/p><p>\u00a0<\/p><p>b) Pla\u0107anje internet bankarstvom \u2013 mo\u017ee se pla\u0107ati putem internet bankarstva bilo koje banke u kojoj je otvorena mogu\u0107nost takvog na\u010dina pla\u0107anja. Nakon odabira proizvoda Svijet pozitivnih vibracija, obrt za usluge proslje\u0111uje emailom sve potrebne podatke za izvr\u0161enje pla\u0107anja. Nov\u010dani primitak Kupca podrazumijeva zaprimljenu uplatu na \u017eiro ra\u010dun Svijet pozitivnih vibracija, obrt za usluge. Nov\u010dani primitak na ra\u010dunu tvrtke Svijet pozitivnih vibracija, obrt za usluge vidljiv je najranije slijede\u0107i radni dan, odnosno u roku 24-48 sati od trenutka pla\u0107anja (ne ra\u010dunaju\u0107i vikende, blagdane i praznike).<\/p>\t\t\t\t\t\t<\/div>\n\t\t\t\t<\/div>\n\t\t\t\t\t<\/div>\n\t\t<\/div>\n\t\t\t\t\t\t\t<\/div>\n\t\t<\/section>\n\t\t\t\t\t\t\t<\/div>\n\t\t","protected":false},"excerpt":{"rendered":"<p>Payment methods Pla\u0107anje se mo\u017ee izvr\u0161iti na sljede\u0107e na\u010dine: \u00a0 a) Pla\u0107anje op\u0107om uplatnicom \u2013 mo\u017ee se izvr\u0161iti putem [&hellip;]<\/p>\n","protected":false},"author":1,"featured_media":0,"parent":0,"menu_order":0,"comment_status":"closed","ping_status":"closed","template":"elementor_header_footer","meta":{"_locale":"en_US","_original_post":"http:\/\/dobre-vibre-2.local\/?page_id=1368","footnotes":""},"class_list":["post-1370","page","type-page","status-publish","hentry","en-US"],"_links":{"self":[{"href":"https:\/\/www.dobrevibre.net\/wp-json\/wp\/v2\/pages\/1370","targetHints":{"allow":["GET"]}}],"collection":[{"href":"https:\/\/www.dobrevibre.net\/wp-json\/wp\/v2\/pages"}],"about":[{"href":"https:\/\/www.dobrevibre.net\/wp-json\/wp\/v2\/types\/page"}],"author":[{"embeddable":true,"href":"https:\/\/www.dobrevibre.net\/wp-json\/wp\/v2\/users\/1"}],"replies":[{"embeddable":true,"href":"https:\/\/www.dobrevibre.net\/wp-json\/wp\/v2\/comments?post=1370"}],"version-history":[{"count":7,"href":"https:\/\/www.dobrevibre.net\/wp-json\/wp\/v2\/pages\/1370\/revisions"}],"predecessor-version":[{"id":1380,"href":"https:\/\/www.dobrevibre.net\/wp-json\/wp\/v2\/pages\/1370\/revisions\/1380"}],"wp:attachment":[{"href":"https:\/\/www.dobrevibre.net\/wp-json\/wp\/v2\/media?parent=1370"}],"curies":[{"name":"wp","href":"https:\/\/api.w.org\/{rel}","templated":true}]}}